{"id":15,"date":"2022-07-23T13:21:32","date_gmt":"2022-07-23T11:21:32","guid":{"rendered":"https:\/\/www.foamflex.cz\/?page_id=15"},"modified":"2022-08-15T14:10:00","modified_gmt":"2022-08-15T12:10:00","slug":"zastoupeni","status":"publish","type":"page","link":"https:\/\/www.foamflex.cz\/en\/zastoupeni\/","title":{"rendered":"Representation"},"content":{"rendered":"<div style=\"height:0px\" aria-hidden=\"true\" class=\"wp-block-spacer\"><\/div>\n\n\n\n<p class=\"has-medium-font-size\"><strong>Fostek (USA)<\/strong><\/p>\n\n\n\n<div class=\"wp-block-columns is-layout-flex wp-container-core-columns-is-layout-28f84493 wp-block-columns-is-layout-flex\">\n<div class=\"wp-block-column is-layout-flow wp-block-column-is-layout-flow\">\n<p>Manufacturer of rubber materials with closed and semi-closed structure (EPDM, NBR\/PVC).<\/p>\n\n\n\n<p>The materials are comparable to foams from Nitto, Armacell, Bridgestone or Inoac.<\/p>\n\n\n\n<p><a rel=\"noreferrer noopener\" href=\"https:\/\/www.foamflex.cz\/wp-content\/uploads\/2022\/08\/Fostek-3996.3.pdf\" target=\"_blank\">MDS Fostek 3996.3<\/a>, <a rel=\"noreferrer noopener\" href=\"https:\/\/www.foamflex.cz\/wp-content\/uploads\/2022\/08\/Fostek-8996.8.pdf\" target=\"_blank\">MDS Fostek 8996.8<\/a> <\/p>\n\n\n\n<p>More information at: <a rel=\"noreferrer noopener\" href=\"http:\/\/www.fostek.com\" target=\"_blank\">www.fostek.com<\/a><\/p>\n<\/div>\n\n\n\n<div class=\"wp-block-column is-layout-flow wp-block-column-is-layout-flow\">\n<figure class=\"wp-block-image size-large is-resized\"><img loading=\"lazy\" decoding=\"async\" src=\"https:\/\/www.foamflex.cz\/wp-content\/uploads\/2022\/07\/3.Zastoupeni-bod-1-774x1024.jpg\" alt=\"\" class=\"wp-image-52\" width=\"230\" height=\"306\"\/><\/figure>\n<\/div>\n<\/div>\n\n\n\n<div style=\"height:51px\" aria-hidden=\"true\" class=\"wp-block-spacer\"><\/div>\n\n\n\n<p class=\"has-medium-font-size\"><strong>Bochemie a. s. (CZE)<\/strong><\/p>\n\n\n\n<div class=\"wp-block-columns is-layout-flex wp-container-core-columns-is-layout-28f84493 wp-block-columns-is-layout-flex\">\n<div class=\"wp-block-column is-layout-flow wp-block-column-is-layout-flow\">\n<p>Supplier of copper metallized fabrics that are used alone or in sandwiches with foam or homogenous materials.<\/p>\n\n\n\n<p>These materials are suitable for:<\/p>\n\n\n\n<ul class=\"wp-block-list\"><li>electromagnetic shielding,<\/li><li>reflection of thermal radiation,<\/li><li>electrical conductors,<\/li><li>heating systems,<\/li><li>antibacterial use.<\/li><\/ul>\n\n\n\n<p>More information at: <a href=\"https:\/\/www.bochemie.cz\/\">www.bochemie.cz<\/a><\/p>\n<\/div>\n\n\n\n<div class=\"wp-block-column is-layout-flow wp-block-column-is-layout-flow\">\n<figure class=\"wp-block-image size-large is-resized\"><img loading=\"lazy\" decoding=\"async\" src=\"https:\/\/www.foamflex.cz\/wp-content\/uploads\/2022\/07\/3.Zastoupeni-bod-2-768x1024.jpg\" alt=\"\" class=\"wp-image-54\" width=\"232\" height=\"310\" srcset=\"https:\/\/www.foamflex.cz\/wp-content\/uploads\/2022\/07\/3.Zastoupeni-bod-2-768x1024.jpg 768w, https:\/\/www.foamflex.cz\/wp-content\/uploads\/2022\/07\/3.Zastoupeni-bod-2-225x300.jpg 225w, https:\/\/www.foamflex.cz\/wp-content\/uploads\/2022\/07\/3.Zastoupeni-bod-2-1152x1536.jpg 1152w, https:\/\/www.foamflex.cz\/wp-content\/uploads\/2022\/07\/3.Zastoupeni-bod-2-1536x2048.jpg 1536w, https:\/\/www.foamflex.cz\/wp-content\/uploads\/2022\/07\/3.Zastoupeni-bod-2-scaled.jpg 1920w\" sizes=\"auto, (max-width: 232px) 100vw, 232px\" \/><\/figure>\n<\/div>\n<\/div>\n\n\n\n<p><\/p>","protected":false},"excerpt":{"rendered":"<p>Fostek (USA) V\u00fdrobce pry\u017eov\u00fdch materi\u00e1l\u016f s\u00a0uzav\u0159enou a polouzav\u0159enou strukturou (EPDM, NBR\/PVC). Materi\u00e1ly jsou srovnateln\u00e9 s\u00a0p\u011bnami od firem Nitto, Armacell, Bridgestone nebo Inoac. MDS Fostek 3996.3, MDS Fostek 8996.8 V\u00edce informac\u00ed na: www.fostek.com Bochemie a. s. (CZE) Dodavatel m\u011bd\u011bn\u00fdch metalizovan\u00fdch tkanin, kter\u00e9 se pou\u017e\u00edvaj\u00ed samostatn\u011b nebo v\u00a0sendvi\u010d\u00edch s\u00a0p\u011bnov\u00fdmi \u010di homogenn\u00edmi materi\u00e1ly. Tyto materi\u00e1ly jsou vhodn\u00e9 pro: [&hellip;]<\/p>","protected":false},"author":1,"featured_media":0,"parent":0,"menu_order":0,"comment_status":"closed","ping_status":"closed","template":"","meta":{"footnotes":""},"class_list":["post-15","page","type-page","status-publish","hentry"],"blocksy_meta":{"styles_descriptor":{"styles":{"desktop":"","tablet":"","mobile":""},"google_fonts":[],"version":6}},"_links":{"self":[{"href":"https:\/\/www.foamflex.cz\/en\/wp-json\/wp\/v2\/pages\/15","targetHints":{"allow":["GET"]}}],"collection":[{"href":"https:\/\/www.foamflex.cz\/en\/wp-json\/wp\/v2\/pages"}],"about":[{"href":"https:\/\/www.foamflex.cz\/en\/wp-json\/wp\/v2\/types\/page"}],"author":[{"embeddable":true,"href":"https:\/\/www.foamflex.cz\/en\/wp-json\/wp\/v2\/users\/1"}],"replies":[{"embeddable":true,"href":"https:\/\/www.foamflex.cz\/en\/wp-json\/wp\/v2\/comments?post=15"}],"version-history":[{"count":14,"href":"https:\/\/www.foamflex.cz\/en\/wp-json\/wp\/v2\/pages\/15\/revisions"}],"predecessor-version":[{"id":145,"href":"https:\/\/www.foamflex.cz\/en\/wp-json\/wp\/v2\/pages\/15\/revisions\/145"}],"wp:attachment":[{"href":"https:\/\/www.foamflex.cz\/en\/wp-json\/wp\/v2\/media?parent=15"}],"curies":[{"name":"wp","href":"https:\/\/api.w.org\/{rel}","templated":true}]}}