{"id":155,"date":"2024-07-31T21:07:30","date_gmt":"2024-07-31T19:07:30","guid":{"rendered":"https:\/\/www.foamflex.cz\/?page_id=155"},"modified":"2024-08-08T11:04:27","modified_gmt":"2024-08-08T09:04:27","slug":"peny-s-uzavrenymi-bunkami","status":"publish","type":"page","link":"https:\/\/www.foamflex.cz\/en\/peny-s-uzavrenymi-bunkami\/","title":{"rendered":"Microporous materials with closed cells"},"content":{"rendered":"<p>Closed-cell foam materials are an ideal material for the production of seals, insulation, damping or as a prevention against possible shocks in the assembly. Due to their relatively low cost, these materials are used across industries.<\/p>\n\n\n\n<p>These materials can be delivered in blocks, rolls or sheets and can be provided with an adhesive layer.<\/p>\n\n\n\n<ul class=\"wp-block-list\">\n<li>EPDM<\/li>\n\n\n\n<li>NBR<\/li>\n\n\n\n<li>CR<\/li>\n\n\n\n<li>NBR\/PVC<\/li>\n\n\n\n<li>SBR<\/li>\n<\/ul>\n\n\n\n<p>Applications: automotive industry, construction industry, electrical engineering, air conditioning, aerospace industry, medicine, renewable resources<\/p>\n\n\n\n<h4 class=\"wp-block-heading\">Material datasheets<\/h4>\n\n\n\n<p><a href=\"https:\/\/www.foamflex.cz\/wp-content\/uploads\/2024\/08\/MDS-EPS100-CC1.pdf\" target=\"_blank\" rel=\"noreferrer noopener\">MDS EPS100 CC1.pdf<\/a><\/p>\n\n\n\n<p><a href=\"https:\/\/www.foamflex.cz\/wp-content\/uploads\/2024\/08\/MDS-EP130-CC1.pdf\" target=\"_blank\" rel=\"noreferrer noopener\">MDS EP130 CC1.pdf<\/a><\/p>\n\n\n\n<div style=\"height:20px\" aria-hidden=\"true\" class=\"wp-block-spacer\"><\/div>\n\n\n\n<figure class=\"wp-block-gallery has-nested-images columns-default is-cropped wp-block-gallery-1 is-layout-flex wp-block-gallery-is-layout-flex\">\n<figure class=\"wp-block-image size-large\"><img loading=\"lazy\" decoding=\"async\" width=\"1024\" height=\"714\" data-id=\"192\" src=\"https:\/\/www.foamflex.cz\/wp-content\/uploads\/2024\/08\/IMG_2948-1024x714.jpg\" alt=\"\" class=\"wp-image-192\" srcset=\"https:\/\/www.foamflex.cz\/wp-content\/uploads\/2024\/08\/IMG_2948-1024x714.jpg 1024w, https:\/\/www.foamflex.cz\/wp-content\/uploads\/2024\/08\/IMG_2948-300x209.jpg 300w, https:\/\/www.foamflex.cz\/wp-content\/uploads\/2024\/08\/IMG_2948-768x535.jpg 768w, https:\/\/www.foamflex.cz\/wp-content\/uploads\/2024\/08\/IMG_2948-18x12.jpg 18w, https:\/\/www.foamflex.cz\/wp-content\/uploads\/2024\/08\/IMG_2948.jpg 1399w\" sizes=\"auto, (max-width: 1024px) 100vw, 1024px\" \/><\/figure>\n\n\n\n<figure class=\"wp-block-image size-large\"><img loading=\"lazy\" decoding=\"async\" width=\"841\" height=\"1024\" data-id=\"193\" src=\"https:\/\/www.foamflex.cz\/wp-content\/uploads\/2024\/08\/IMG_2947-841x1024.jpg\" alt=\"\" class=\"wp-image-193\" srcset=\"https:\/\/www.foamflex.cz\/wp-content\/uploads\/2024\/08\/IMG_2947-841x1024.jpg 841w, https:\/\/www.foamflex.cz\/wp-content\/uploads\/2024\/08\/IMG_2947-246x300.jpg 246w, https:\/\/www.foamflex.cz\/wp-content\/uploads\/2024\/08\/IMG_2947-768x935.jpg 768w, https:\/\/www.foamflex.cz\/wp-content\/uploads\/2024\/08\/IMG_2947-1262x1536.jpg 1262w, https:\/\/www.foamflex.cz\/wp-content\/uploads\/2024\/08\/IMG_2947-10x12.jpg 10w, https:\/\/www.foamflex.cz\/wp-content\/uploads\/2024\/08\/IMG_2947.jpg 1290w\" sizes=\"auto, (max-width: 841px) 100vw, 841px\" \/><\/figure>\n<\/figure>","protected":false},"excerpt":{"rendered":"<p>P\u011bnov\u00e9 materi\u00e1ly s&nbsp;uzav\u0159en\u00fdmi bu\u0148kami jsou ide\u00e1ln\u00edm materi\u00e1lem pro v\u00fdrobu t\u011bsn\u011bn\u00ed, izolac\u00ed, tlumen\u00ed nebo jako prevenci proti p\u0159\u00edpadn\u00fdm ot\u0159es\u016fm v sestav\u011b. D\u00edky jejich relativn\u011b n\u00edzk\u00e9 cen\u011b jsou tyto materi\u00e1ly pou\u017e\u00edv\u00e1ny nap\u0159\u00ed\u010d cel\u00fdm pr\u016fmyslem. Tyto materi\u00e1ly mohou b\u00fdt dod\u00e1ny v&nbsp;bloc\u00edch, rol\u00edch \u010di desk\u00e1ch a mohou b\u00fdt opat\u0159eny lep\u00edc\u00ed vrstvou. Aplikace: automobilov\u00fd pr\u016fmysl, stavebnictv\u00ed, elektrotechnika, klimatizace, leteck\u00fd pr\u016fmysl, [&hellip;]<\/p>","protected":false},"author":2,"featured_media":0,"parent":0,"menu_order":0,"comment_status":"closed","ping_status":"closed","template":"","meta":{"footnotes":""},"class_list":["post-155","page","type-page","status-publish","hentry"],"blocksy_meta":[],"_links":{"self":[{"href":"https:\/\/www.foamflex.cz\/en\/wp-json\/wp\/v2\/pages\/155","targetHints":{"allow":["GET"]}}],"collection":[{"href":"https:\/\/www.foamflex.cz\/en\/wp-json\/wp\/v2\/pages"}],"about":[{"href":"https:\/\/www.foamflex.cz\/en\/wp-json\/wp\/v2\/types\/page"}],"author":[{"embeddable":true,"href":"https:\/\/www.foamflex.cz\/en\/wp-json\/wp\/v2\/users\/2"}],"replies":[{"embeddable":true,"href":"https:\/\/www.foamflex.cz\/en\/wp-json\/wp\/v2\/comments?post=155"}],"version-history":[{"count":6,"href":"https:\/\/www.foamflex.cz\/en\/wp-json\/wp\/v2\/pages\/155\/revisions"}],"predecessor-version":[{"id":180,"href":"https:\/\/www.foamflex.cz\/en\/wp-json\/wp\/v2\/pages\/155\/revisions\/180"}],"wp:attachment":[{"href":"https:\/\/www.foamflex.cz\/en\/wp-json\/wp\/v2\/media?parent=155"}],"curies":[{"name":"wp","href":"https:\/\/api.w.org\/{rel}","templated":true}]}}