{"id":167,"date":"2024-08-08T11:01:14","date_gmt":"2024-08-08T09:01:14","guid":{"rendered":"https:\/\/www.foamflex.cz\/?page_id=167"},"modified":"2024-08-08T11:01:14","modified_gmt":"2024-08-08T09:01:14","slug":"mikroporezni-materialy-s-polouzavrenymi-bunkami","status":"publish","type":"page","link":"https:\/\/www.foamflex.cz\/en\/mikroporezni-materialy-s-polouzavrenymi-bunkami\/","title":{"rendered":"Microporous materials with semiclosed cells"},"content":{"rendered":"<p>Semi-closed foams have a wide range of industrial applications. This type of foam is highly compressible and combines the flexibility of open cell foams with the excellent sealing properties of closed cell foams when compressed. These foams show good sealing properties, heat resistance, waterproofness and dustproofness.<\/p>\n\n\n\n<p>These foams can be delivered in blocks, rolls or sheets and can be provided with an adhesive layer.<\/p>\n\n\n\n<ul class=\"wp-block-list\">\n<li>EPDM foams<\/li>\n\n\n\n<li>NBR\/PVC foams<\/li>\n<\/ul>\n\n\n\n<p>Applications: automotive industry, electrical engineering, air conditioning, aviation industry, renewable sources.<\/p>\n\n\n\n<h4 class=\"wp-block-heading\">Material datasheets<\/h4>\n\n\n\n<p><a href=\"https:\/\/www.foamflex.cz\/wp-content\/uploads\/2024\/07\/MDS-CR-160CC2.pdf\" target=\"_blank\" rel=\"noreferrer noopener\">MDS-CR-160CC2.pdf<\/a><\/p>\n\n\n\n<p><a href=\"https:\/\/www.foamflex.cz\/wp-content\/uploads\/2024\/07\/MDS-EPC100KI-CC2.pdf\" target=\"_blank\" rel=\"noreferrer noopener\">MDS EPC100KI CC2.pdf<\/a><\/p>\n\n\n\n<p><a href=\"https:\/\/www.foamflex.cz\/wp-content\/uploads\/2024\/07\/MDS-EPC120KLP-CC2.pdf\" target=\"_blank\" rel=\"noreferrer noopener\">MDS EPC120KLP CC2.pdf<\/a><\/p>\n\n\n\n<div style=\"height:20px\" aria-hidden=\"true\" class=\"wp-block-spacer\"><\/div>\n\n\n\n<figure class=\"wp-block-gallery has-nested-images columns-default is-cropped wp-block-gallery-1 is-layout-flex wp-block-gallery-is-layout-flex\">\n<figure class=\"wp-block-image size-large\"><img loading=\"lazy\" decoding=\"async\" width=\"1024\" height=\"750\" data-id=\"191\" src=\"https:\/\/www.foamflex.cz\/wp-content\/uploads\/2024\/08\/SC-parts-1024x750.jpg\" alt=\"\" class=\"wp-image-191\" srcset=\"https:\/\/www.foamflex.cz\/wp-content\/uploads\/2024\/08\/SC-parts-1024x750.jpg 1024w, https:\/\/www.foamflex.cz\/wp-content\/uploads\/2024\/08\/SC-parts-300x220.jpg 300w, https:\/\/www.foamflex.cz\/wp-content\/uploads\/2024\/08\/SC-parts-768x562.jpg 768w, https:\/\/www.foamflex.cz\/wp-content\/uploads\/2024\/08\/SC-parts-1536x1125.jpg 1536w, https:\/\/www.foamflex.cz\/wp-content\/uploads\/2024\/08\/SC-parts-2048x1500.jpg 2048w, https:\/\/www.foamflex.cz\/wp-content\/uploads\/2024\/08\/SC-parts-16x12.jpg 16w\" sizes=\"auto, (max-width: 1024px) 100vw, 1024px\" \/><\/figure>\n\n\n\n<figure class=\"wp-block-image size-large\"><img loading=\"lazy\" decoding=\"async\" width=\"1024\" height=\"810\" data-id=\"190\" src=\"https:\/\/www.foamflex.cz\/wp-content\/uploads\/2024\/08\/IMG_2905-1024x810.jpg\" alt=\"\" class=\"wp-image-190\" srcset=\"https:\/\/www.foamflex.cz\/wp-content\/uploads\/2024\/08\/IMG_2905-1024x810.jpg 1024w, https:\/\/www.foamflex.cz\/wp-content\/uploads\/2024\/08\/IMG_2905-300x237.jpg 300w, https:\/\/www.foamflex.cz\/wp-content\/uploads\/2024\/08\/IMG_2905-768x607.jpg 768w, https:\/\/www.foamflex.cz\/wp-content\/uploads\/2024\/08\/IMG_2905-15x12.jpg 15w, https:\/\/www.foamflex.cz\/wp-content\/uploads\/2024\/08\/IMG_2905.jpg 1280w\" sizes=\"auto, (max-width: 1024px) 100vw, 1024px\" \/><\/figure>\n<\/figure>","protected":false},"excerpt":{"rendered":"<p>P\u011bny s&nbsp;polouzav\u0159en\u00fdmi\/otev\u0159en\u00fdmi bu\u0148kami maj\u00ed \u0161irokou \u0161k\u00e1lu pou\u017eit\u00ed v&nbsp;pr\u016fmyslu. Tento typ p\u011bn je vysoce stla\u010diteln\u00fd a kombinuje flexibilitu p\u011bn s otev\u0159en\u00fdmi bu\u0148kami a po stla\u010den\u00ed i vynikaj\u00edc\u00ed t\u011bsnic\u00ed vlastnosti p\u011bn s uzav\u0159en\u00fdmi bu\u0148kami. Tyto p\u011bny vykazuj\u00ed dobr\u00e9 t\u011bsn\u00edc\u00ed vlastnosti, tepelnou odolnost, vodot\u011bsnost a prachot\u011bsnost. Tyto p\u011bny mohou b\u00fdt dod\u00e1ny v rol\u00edch \u010di desk\u00e1ch a mohou b\u00fdt [&hellip;]<\/p>","protected":false},"author":2,"featured_media":0,"parent":0,"menu_order":0,"comment_status":"closed","ping_status":"closed","template":"","meta":{"footnotes":""},"class_list":["post-167","page","type-page","status-publish","hentry"],"blocksy_meta":[],"_links":{"self":[{"href":"https:\/\/www.foamflex.cz\/en\/wp-json\/wp\/v2\/pages\/167","targetHints":{"allow":["GET"]}}],"collection":[{"href":"https:\/\/www.foamflex.cz\/en\/wp-json\/wp\/v2\/pages"}],"about":[{"href":"https:\/\/www.foamflex.cz\/en\/wp-json\/wp\/v2\/types\/page"}],"author":[{"embeddable":true,"href":"https:\/\/www.foamflex.cz\/en\/wp-json\/wp\/v2\/users\/2"}],"replies":[{"embeddable":true,"href":"https:\/\/www.foamflex.cz\/en\/wp-json\/wp\/v2\/comments?post=167"}],"version-history":[{"count":2,"href":"https:\/\/www.foamflex.cz\/en\/wp-json\/wp\/v2\/pages\/167\/revisions"}],"predecessor-version":[{"id":194,"href":"https:\/\/www.foamflex.cz\/en\/wp-json\/wp\/v2\/pages\/167\/revisions\/194"}],"wp:attachment":[{"href":"https:\/\/www.foamflex.cz\/en\/wp-json\/wp\/v2\/media?parent=167"}],"curies":[{"name":"wp","href":"https:\/\/api.w.org\/{rel}","templated":true}]}}