{"id":173,"date":"2024-08-08T11:07:21","date_gmt":"2024-08-08T09:07:21","guid":{"rendered":"https:\/\/www.foamflex.cz\/?page_id=173"},"modified":"2024-08-08T11:07:21","modified_gmt":"2024-08-08T09:07:21","slug":"penove-materialy","status":"publish","type":"page","link":"https:\/\/www.foamflex.cz\/en\/penove-materialy\/","title":{"rendered":"Foam materials"},"content":{"rendered":"<p>Thanks to its wide range of properties, technical foams can be used in various areas of industry. The cellular structure ensures good thermal and insulating properties. They can also be used for noise reduction, filtration or as packaging material.<\/p>\n\n\n\n<ul class=\"wp-block-list\">\n<li>PUR<\/li>\n\n\n\n<li>PVC<\/li>\n\n\n\n<li>PE<\/li>\n<\/ul>\n\n\n\n<p>Foam rolls are supplied as standard in rolls or sheets and can be provided with an adhesive layer.<\/p>\n\n\n\n<p>Aplikace: automobilov\u00fd pr\u016fmysl, stavebnictv\u00ed, elektrotechnika, klimatizace, leteck\u00fd pr\u016fmysl, obalov\u00fd pr\u016fmysl, sportovn\u00ed pr\u016fmysl<\/p>\n\n\n\n<h4 class=\"wp-block-heading\">Material datasheets<\/h4>\n\n\n\n<p><a href=\"https:\/\/www.foamflex.cz\/wp-content\/uploads\/2024\/08\/MDS-PE50EU.pdf\" target=\"_blank\" rel=\"noreferrer noopener\">MDS PE50EU.pdf<\/a><\/p>\n\n\n\n<p><a href=\"https:\/\/www.foamflex.cz\/wp-content\/uploads\/2024\/08\/MDS-PVC-100-125-slow.pdf\" target=\"_blank\" rel=\"noreferrer noopener\">MDS PVC 100-125 slow.pdf<\/a><\/p>\n\n\n\n<p><a href=\"https:\/\/www.foamflex.cz\/wp-content\/uploads\/2024\/08\/MDS-XPE-30-CC.pdf\" target=\"_blank\" rel=\"noreferrer noopener\">MDS XPE 30 CC.pdf<\/a><\/p>\n\n\n\n<div style=\"height:20px\" aria-hidden=\"true\" class=\"wp-block-spacer\"><\/div>\n\n\n\n<figure class=\"wp-block-gallery has-nested-images columns-default is-cropped wp-block-gallery-1 is-layout-flex wp-block-gallery-is-layout-flex\">\n<figure class=\"wp-block-image size-large\"><img loading=\"lazy\" decoding=\"async\" width=\"1024\" height=\"776\" data-id=\"178\" src=\"https:\/\/www.foamflex.cz\/wp-content\/uploads\/2024\/08\/IMG_2924-1024x776.jpg\" alt=\"\" class=\"wp-image-178\" srcset=\"https:\/\/www.foamflex.cz\/wp-content\/uploads\/2024\/08\/IMG_2924-1024x776.jpg 1024w, https:\/\/www.foamflex.cz\/wp-content\/uploads\/2024\/08\/IMG_2924-300x227.jpg 300w, https:\/\/www.foamflex.cz\/wp-content\/uploads\/2024\/08\/IMG_2924-768x582.jpg 768w, https:\/\/www.foamflex.cz\/wp-content\/uploads\/2024\/08\/IMG_2924-16x12.jpg 16w, https:\/\/www.foamflex.cz\/wp-content\/uploads\/2024\/08\/IMG_2924.jpg 1429w\" sizes=\"auto, (max-width: 1024px) 100vw, 1024px\" \/><\/figure>\n\n\n\n<figure class=\"wp-block-image size-large\"><img loading=\"lazy\" decoding=\"async\" width=\"1024\" height=\"839\" data-id=\"179\" src=\"https:\/\/www.foamflex.cz\/wp-content\/uploads\/2024\/08\/IMG_2923-1024x839.jpg\" alt=\"\" class=\"wp-image-179\" srcset=\"https:\/\/www.foamflex.cz\/wp-content\/uploads\/2024\/08\/IMG_2923-1024x839.jpg 1024w, https:\/\/www.foamflex.cz\/wp-content\/uploads\/2024\/08\/IMG_2923-300x246.jpg 300w, https:\/\/www.foamflex.cz\/wp-content\/uploads\/2024\/08\/IMG_2923-768x629.jpg 768w, https:\/\/www.foamflex.cz\/wp-content\/uploads\/2024\/08\/IMG_2923-15x12.jpg 15w, https:\/\/www.foamflex.cz\/wp-content\/uploads\/2024\/08\/IMG_2923.jpg 1448w\" sizes=\"auto, (max-width: 1024px) 100vw, 1024px\" \/><\/figure>\n<\/figure>","protected":false},"excerpt":{"rendered":"<p>Technick\u00e9 p\u011bny nab\u00edz\u00ed d\u00edky sv\u00e9 \u0161irok\u00e9 palet\u011b vlastnost\u00ed uplatn\u011bn\u00ed v&nbsp;r\u016fzn\u00fdch oblastech pr\u016fmyslu. Bun\u011b\u010dn\u00e1 struktura zaji\u0161\u0165uje dobr\u00e9 teplen\u00e9 a izola\u010dn\u00ed vlastnosti. Mohou tak\u00e9 slou\u017eit pro odhlu\u010dn\u011bn\u00ed, filtraci nebo tak\u00e9 jako obalov\u00fd materi\u00e1l. P\u011bnov\u00e9 role standartn\u011b dod\u00e1v\u00e1me v&nbsp;rol\u00edch nebo desk\u00e1ch a mohou b\u00fdt opat\u0159eny lep\u00edc\u00ed vrstvou. Aplikace: automobilov\u00fd pr\u016fmysl, stavebnictv\u00ed, elektrotechnika, klimatizace, leteck\u00fd pr\u016fmysl, obalov\u00fd pr\u016fmysl, sportovn\u00ed [&hellip;]<\/p>","protected":false},"author":2,"featured_media":0,"parent":0,"menu_order":0,"comment_status":"closed","ping_status":"closed","template":"","meta":{"footnotes":""},"class_list":["post-173","page","type-page","status-publish","hentry"],"blocksy_meta":[],"_links":{"self":[{"href":"https:\/\/www.foamflex.cz\/en\/wp-json\/wp\/v2\/pages\/173","targetHints":{"allow":["GET"]}}],"collection":[{"href":"https:\/\/www.foamflex.cz\/en\/wp-json\/wp\/v2\/pages"}],"about":[{"href":"https:\/\/www.foamflex.cz\/en\/wp-json\/wp\/v2\/types\/page"}],"author":[{"embeddable":true,"href":"https:\/\/www.foamflex.cz\/en\/wp-json\/wp\/v2\/users\/2"}],"replies":[{"embeddable":true,"href":"https:\/\/www.foamflex.cz\/en\/wp-json\/wp\/v2\/comments?post=173"}],"version-history":[{"count":3,"href":"https:\/\/www.foamflex.cz\/en\/wp-json\/wp\/v2\/pages\/173\/revisions"}],"predecessor-version":[{"id":201,"href":"https:\/\/www.foamflex.cz\/en\/wp-json\/wp\/v2\/pages\/173\/revisions\/201"}],"wp:attachment":[{"href":"https:\/\/www.foamflex.cz\/en\/wp-json\/wp\/v2\/media?parent=173"}],"curies":[{"name":"wp","href":"https:\/\/api.w.org\/{rel}","templated":true}]}}