{"id":176,"date":"2024-08-08T11:13:36","date_gmt":"2024-08-08T09:13:36","guid":{"rendered":"https:\/\/www.foamflex.cz\/?page_id=176"},"modified":"2024-08-08T11:13:36","modified_gmt":"2024-08-08T09:13:36","slug":"samolepici-pasky","status":"publish","type":"page","link":"https:\/\/www.foamflex.cz\/en\/samolepici-pasky\/","title":{"rendered":"Adhesive tapes"},"content":{"rendered":"<p>We supply technical adhesive tapes for a wide range of applications in industry, automotive, transport, construction and healthcare. Our aim is to offer the customer adhesive tapes that will meet his requirements in an adequate quantity and price.<\/p>\n\n\n\n<ul class=\"wp-block-list\">\n<li>Transfer adhesive tapes<\/li>\n\n\n\n<li>Self-adhesive tapes with mesh<\/li>\n\n\n\n<li>Self-adhesive tapes with carrier<\/li>\n<\/ul>\n\n\n\n<p>These self-adhesive tapes can be supplied in rolls of different widths from 9-2000 mm. We supply some types of tapes in standard widths of 1000, 1200, 1400, 1500 mm.<\/p>\n\n\n\n<h4 class=\"wp-block-heading\">Material datasheets<\/h4>\n\n\n\n<p><a href=\"https:\/\/www.foamflex.cz\/wp-content\/uploads\/2024\/08\/MDS-AS-200575.pdf\" target=\"_blank\" rel=\"noreferrer noopener\">MDS AS 200575.pdf<\/a><\/p>\n\n\n\n<p><a href=\"https:\/\/www.foamflex.cz\/wp-content\/uploads\/2024\/08\/MDS-AS-200680.pdf\" target=\"_blank\" rel=\"noreferrer noopener\">MDS AS 200680.pdf<\/a><\/p>\n\n\n\n<p><a href=\"https:\/\/www.foamflex.cz\/wp-content\/uploads\/2024\/08\/MDS-AS2609.pdf\" target=\"_blank\" rel=\"noreferrer noopener\">MDS AS2609.pdf<\/a><\/p>\n\n\n\n<div style=\"height:20px\" aria-hidden=\"true\" class=\"wp-block-spacer\"><\/div>\n\n\n\n<figure class=\"wp-block-image size-large\"><img loading=\"lazy\" decoding=\"async\" width=\"1024\" height=\"724\" src=\"https:\/\/www.foamflex.cz\/wp-content\/uploads\/2024\/08\/IMG_2912-1024x724.jpg\" alt=\"\" class=\"wp-image-206\" srcset=\"https:\/\/www.foamflex.cz\/wp-content\/uploads\/2024\/08\/IMG_2912-1024x724.jpg 1024w, https:\/\/www.foamflex.cz\/wp-content\/uploads\/2024\/08\/IMG_2912-300x212.jpg 300w, https:\/\/www.foamflex.cz\/wp-content\/uploads\/2024\/08\/IMG_2912-768x543.jpg 768w, https:\/\/www.foamflex.cz\/wp-content\/uploads\/2024\/08\/IMG_2912-18x12.jpg 18w, https:\/\/www.foamflex.cz\/wp-content\/uploads\/2024\/08\/IMG_2912.jpg 1462w\" sizes=\"auto, (max-width: 1024px) 100vw, 1024px\" \/><\/figure>","protected":false},"excerpt":{"rendered":"<p>Dod\u00e1v\u00e1me technick\u00e9 lepic\u00ed p\u00e1sky pro \u0161irokou \u0161k\u00e1lu aplikac\u00ed v pr\u016fmyslu, automobilov\u00e9m pr\u016fmyslu, doprav\u011b, stavebnictv\u00ed a zdravotnictv\u00ed. Na\u0161\u00ed snahou je nab\u00eddnout z\u00e1kazn\u00edkovi lep\u00edc\u00ed p\u00e1sky, kter\u00e9 budou odpov\u00eddat jeho po\u017eadavk\u016fm v&nbsp;adekv\u00e1tn\u00edm mno\u017estv\u00ed a cen\u011b. Tyto samolep\u00edc\u00ed p\u00e1sky mohou b\u00fdt dod\u00e1v\u00e1ny v&nbsp;rol\u00edch o r\u016fzn\u00fdch \u0161\u00ed\u0159k\u00e1ch od 9-2000 mm. N\u011bkter\u00e9 typy p\u00e1sek dod\u00e1v\u00e1me standartn\u011b v&nbsp;\u0161\u00ed\u0159ce 1000, 1200, 1400, 1500 [&hellip;]<\/p>","protected":false},"author":2,"featured_media":0,"parent":0,"menu_order":0,"comment_status":"closed","ping_status":"closed","template":"","meta":{"footnotes":""},"class_list":["post-176","page","type-page","status-publish","hentry"],"blocksy_meta":[],"_links":{"self":[{"href":"https:\/\/www.foamflex.cz\/en\/wp-json\/wp\/v2\/pages\/176","targetHints":{"allow":["GET"]}}],"collection":[{"href":"https:\/\/www.foamflex.cz\/en\/wp-json\/wp\/v2\/pages"}],"about":[{"href":"https:\/\/www.foamflex.cz\/en\/wp-json\/wp\/v2\/types\/page"}],"author":[{"embeddable":true,"href":"https:\/\/www.foamflex.cz\/en\/wp-json\/wp\/v2\/users\/2"}],"replies":[{"embeddable":true,"href":"https:\/\/www.foamflex.cz\/en\/wp-json\/wp\/v2\/comments?post=176"}],"version-history":[{"count":2,"href":"https:\/\/www.foamflex.cz\/en\/wp-json\/wp\/v2\/pages\/176\/revisions"}],"predecessor-version":[{"id":210,"href":"https:\/\/www.foamflex.cz\/en\/wp-json\/wp\/v2\/pages\/176\/revisions\/210"}],"wp:attachment":[{"href":"https:\/\/www.foamflex.cz\/en\/wp-json\/wp\/v2\/media?parent=176"}],"curies":[{"name":"wp","href":"https:\/\/api.w.org\/{rel}","templated":true}]}}